{"id":12807,"date":"2025-06-11T14:33:08","date_gmt":"2025-06-11T12:33:08","guid":{"rendered":"http:\/\/academic-institute.com\/legal-notice\/"},"modified":"2026-01-08T11:40:47","modified_gmt":"2026-01-08T10:40:47","slug":"legal-notice","status":"publish","type":"page","link":"https:\/\/academic-institute.com\/en\/legal-notice\/","title":{"rendered":"Legal notice"},"content":{"rendered":"\t\t<div data-elementor-type=\"wp-page\" data-elementor-id=\"12807\" class=\"elementor elementor-12807 elementor-10054\" data-elementor-post-type=\"page\">\n\t\t\t\t<div class=\"elementor-element elementor-element-59393c8f e-con-full e-flex e-con e-parent\" data-id=\"59393c8f\" data-element_type=\"container\" data-settings=\"{&quot;background_background&quot;:&quot;classic&quot;}\">\n\t\t<div class=\"elementor-element elementor-element-656661a6 e-con-full e-flex e-con e-child\" data-id=\"656661a6\" data-element_type=\"container\" data-settings=\"{&quot;background_background&quot;:&quot;classic&quot;}\">\n\t\t\t\t<\/div>\n\t\t<div class=\"elementor-element elementor-element-36b73690 e-con-full e-hero e-flex e-con e-child\" data-id=\"36b73690\" data-element_type=\"container\" data-settings=\"{&quot;background_background&quot;:&quot;classic&quot;}\">\n\t\t<div class=\"elementor-element elementor-element-1cbf100a e-con-full e-flex e-con e-child\" data-id=\"1cbf100a\" data-element_type=\"container\">\n\t\t\t\t<div class=\"elementor-element elementor-element-30a801c1 elementor-widget elementor-widget-heading\" data-id=\"30a801c1\" data-element_type=\"widget\" data-widget_type=\"heading.default\">\n\t\t\t\t<div class=\"elementor-widget-container\">\n\t\t\t\t\t<h1 class=\"elementor-heading-title elementor-size-default\">Legal notice<\/h1>\t\t\t\t<\/div>\n\t\t\t\t<\/div>\n\t\t\t\t<\/div>\n\t\t\t\t<\/div>\n\t\t\t\t<\/div>\n\t\t<div class=\"elementor-element elementor-element-4ab3d73 e-flex e-con-boxed e-con e-parent\" data-id=\"4ab3d73\" data-element_type=\"container\">\n\t\t\t\t\t<div class=\"e-con-inner\">\n\t\t\t\t<div class=\"elementor-element elementor-element-796e2a3 elementor-widget elementor-widget-text-editor\" data-id=\"796e2a3\" data-element_type=\"widget\" data-widget_type=\"text-editor.default\">\n\t\t\t\t<div class=\"elementor-widget-container\">\n\t\t\t\t\t\t\t\t\t<h4>DETAILS REQUIRED FOR THE LEGAL NOTICE IN ACCORDANCE WITH \u00a7 5 TMG (GERMAN TELEMEDIA ACT)<\/h4><p><strong>Headquarters:<br \/><\/strong>AIHE Academic Institute for Higher Education GmbH<br \/>Maria-Goeppert-Stra\u00dfe 1<br \/>23562 L\u00fcbeck<\/p><p>Managing Directors: Prof. Dr. Andrea Gensel &amp; Dr. Kristina Herber<br \/>Registered court: L\u00fcbeck<br \/>Register number: HRB 15092 HL<br \/>VAT ID: DE301787314<\/p><p>Telephone: \u00a00049 451 889 36 36 -0<\/p><p><strong>Responsible for the website in accordance with \u00a7 55 RStV (Interstate Broadcasting Treaty):<\/strong><br \/>Andrea Gensel and Kristina Herber, resident, see above<\/p><h3>Liability disclaimer<\/h3><p><strong>1. Content of the online offer<\/strong><br \/>The author does not guarantee the topicality, correctness, completeness or quality of the information provided. Liability claims against the author, which refer to damages which are material or non-material in nature, which were caused by the use or non-use of the presented information and\/or by the use of incorrect and incomplete information, are in principle excluded, if no deliberate or grossly negligent fault is present on the part of the author. All offers are subject to change and non-binding. The author reserves the right to extend, change or partly or completely delete parts of the pages or the complete publication including all offers and information without separate notification.<\/p><p><strong>2. References and links<\/strong><br \/>For direct or indirect links to external webpages which are outside the scope of responsibility of the author, the author shall only be liable if the author has knowledge of the content and if it is technically possible and reasonable for the author to prevent use in the case of unlawful content. The author hereby expressly declares that at the time the links were created, no illegal content was discernible on the linked pages. The author has no influence on the current and future design, content or authorship of the linked pages. For this reason, the author hereby expressly distances himself from all contents of all linked pages that were changed after the link was created. This statement applies to all links and references set within the author\u2019s own internet offer as well as for external entries in guest books, discussion forums and mailing lists set up by the author. For illegal, incorrect or incomplete contents and especially for damages resulting from the use or non-use of such information, only the provider of the page to which reference is made is liable, not the person who merely refers to the respective publication via links.<\/p><p><strong>3. Copyright and trademark law<\/strong><br \/>The author endeavours to observe the copyrights of the graphics, sound documents, video sequences and texts used in all publications, to use graphics, sound documents, video sequences and texts created by the author or to use licence-free graphics, sound documents, video sequences and texts. All brands and trademarks mentioned within the internet offer and possibly protected by third parties are subject without restriction to the provisions of the applicable trademark law and the ownership rights of the respective registered owners. Simply mentioning a trademark does not imply that it is not protected by third party rights. The copyright for published objects created by the author himself remains solely with the author of the pages. Any duplication or use of objects such as diagrams, sound documents or texts in other electronic or printed publications is not permitted without the author\u2019s agreement.<\/p><p><strong>4. Data protection<\/strong><br \/>If the opportunity to input personal or business data (email addresses, name, addresses) is given, the input of these data takes place voluntarily. The use and payment of all offered services are permitted \u2013 if and so far technically possible and reasonable \u2013 without specification of any personal data or under specification of anonymised data or an alias.<\/p><p><strong>5. Legal validity of this liability disclaimer<\/strong><br \/>This liability disclaimer is to be regarded as part of the internet publication which you were referred from. If sections or individual terms of this statement are not legal or correct, the content or validity of the other parts remain unaffected by this fact.<\/p>\t\t\t\t\t\t\t\t<\/div>\n\t\t\t\t<\/div>\n\t\t\t\t\t<\/div>\n\t\t\t\t<\/div>\n\t\t\t\t<\/div>\n\t\t","protected":false},"excerpt":{"rendered":"<p>Legal notice DETAILS REQUIRED FOR THE LEGAL NOTICE IN ACCORDANCE WITH \u00a7 5 TMG (GERMAN TELEMEDIA ACT) Headquarters:AIHE Academic Institute for Higher Education GmbHMaria-Goeppert-Stra\u00dfe 123562 L\u00fcbeck Managing Directors: Prof. Dr. Andrea Gensel &amp; Dr. Kristina HerberRegistered court: L\u00fcbeckRegister number: HRB 15092 HLVAT ID: DE301787314 Telephone: \u00a00049 451 889 36 36 -0 Responsible for the website [&hellip;]<\/p>\n","protected":false},"author":1,"featured_media":0,"parent":0,"menu_order":0,"comment_status":"closed","ping_status":"closed","template":"","meta":{"_acf_changed":false,"footnotes":""},"class_list":["post-12807","page","type-page","status-publish","hentry"],"acf":[],"yoast_head":"<!-- This site is optimized with the Yoast SEO plugin v26.3 - https:\/\/yoast.com\/wordpress\/plugins\/seo\/ -->\n<title>Legal notice - academic-institute.com<\/title>\n<meta name=\"description\" content=\"Legal notice\" \/>\n<meta name=\"robots\" content=\"index, follow, max-snippet:-1, max-image-preview:large, max-video-preview:-1\" \/>\n<link rel=\"canonical\" href=\"https:\/\/academic-institute.com\/en\/legal-notice\/\" \/>\n<meta property=\"og:locale\" content=\"en_US\" \/>\n<meta property=\"og:type\" content=\"article\" \/>\n<meta property=\"og:title\" content=\"Legal notice - academic-institute.com\" \/>\n<meta property=\"og:description\" content=\"Legal notice\" \/>\n<meta property=\"og:url\" content=\"https:\/\/academic-institute.com\/en\/legal-notice\/\" \/>\n<meta property=\"og:site_name\" content=\"academic-institute.com\" \/>\n<meta property=\"article:modified_time\" content=\"2026-01-08T10:40:47+00:00\" \/>\n<meta name=\"twitter:card\" content=\"summary_large_image\" \/>\n<meta name=\"twitter:label1\" content=\"Est. reading time\" \/>\n\t<meta name=\"twitter:data1\" content=\"3 minutes\" \/>\n<script type=\"application\/ld+json\" class=\"yoast-schema-graph\">{\"@context\":\"https:\/\/schema.org\",\"@graph\":[{\"@type\":\"WebPage\",\"@id\":\"https:\/\/academic-institute.com\/en\/legal-notice\/\",\"url\":\"https:\/\/academic-institute.com\/en\/legal-notice\/\",\"name\":\"Legal notice - academic-institute.com\",\"isPartOf\":{\"@id\":\"https:\/\/academic-institute.com\/en\/#website\"},\"datePublished\":\"2025-06-11T12:33:08+00:00\",\"dateModified\":\"2026-01-08T10:40:47+00:00\",\"description\":\"Legal notice\",\"breadcrumb\":{\"@id\":\"https:\/\/academic-institute.com\/en\/legal-notice\/#breadcrumb\"},\"inLanguage\":\"en-US\",\"potentialAction\":[{\"@type\":\"ReadAction\",\"target\":[\"https:\/\/academic-institute.com\/en\/legal-notice\/\"]}]},{\"@type\":\"BreadcrumbList\",\"@id\":\"https:\/\/academic-institute.com\/en\/legal-notice\/#breadcrumb\",\"itemListElement\":[{\"@type\":\"ListItem\",\"position\":1,\"name\":\"Startseite\",\"item\":\"https:\/\/academic-institute.com\/en\/\"},{\"@type\":\"ListItem\",\"position\":2,\"name\":\"Legal notice\"}]},{\"@type\":\"WebSite\",\"@id\":\"https:\/\/academic-institute.com\/en\/#website\",\"url\":\"https:\/\/academic-institute.com\/en\/\",\"name\":\"academic-institute.com\",\"description\":\"\",\"publisher\":{\"@id\":\"https:\/\/academic-institute.com\/en\/#organization\"},\"potentialAction\":[{\"@type\":\"SearchAction\",\"target\":{\"@type\":\"EntryPoint\",\"urlTemplate\":\"https:\/\/academic-institute.com\/en\/?s={search_term_string}\"},\"query-input\":{\"@type\":\"PropertyValueSpecification\",\"valueRequired\":true,\"valueName\":\"search_term_string\"}}],\"inLanguage\":\"en-US\"},{\"@type\":\"Organization\",\"@id\":\"https:\/\/academic-institute.com\/en\/#organization\",\"name\":\"academic-institute.com\",\"url\":\"https:\/\/academic-institute.com\/en\/\",\"logo\":{\"@type\":\"ImageObject\",\"inLanguage\":\"en-US\",\"@id\":\"https:\/\/academic-institute.com\/en\/#\/schema\/logo\/image\/\",\"url\":\"https:\/\/academic-institute.com\/wp-content\/uploads\/2025\/02\/academic-logo.png\",\"contentUrl\":\"https:\/\/academic-institute.com\/wp-content\/uploads\/2025\/02\/academic-logo.png\",\"width\":1200,\"height\":314,\"caption\":\"academic-institute.com\"},\"image\":{\"@id\":\"https:\/\/academic-institute.com\/en\/#\/schema\/logo\/image\/\"}}]}<\/script>\n<!-- \/ Yoast SEO plugin. -->","yoast_head_json":{"title":"Legal notice - academic-institute.com","description":"Legal notice","robots":{"index":"index","follow":"follow","max-snippet":"max-snippet:-1","max-image-preview":"max-image-preview:large","max-video-preview":"max-video-preview:-1"},"canonical":"https:\/\/academic-institute.com\/en\/legal-notice\/","og_locale":"en_US","og_type":"article","og_title":"Legal notice - academic-institute.com","og_description":"Legal notice","og_url":"https:\/\/academic-institute.com\/en\/legal-notice\/","og_site_name":"academic-institute.com","article_modified_time":"2026-01-08T10:40:47+00:00","twitter_card":"summary_large_image","twitter_misc":{"Est. reading time":"3 minutes"},"schema":{"@context":"https:\/\/schema.org","@graph":[{"@type":"WebPage","@id":"https:\/\/academic-institute.com\/en\/legal-notice\/","url":"https:\/\/academic-institute.com\/en\/legal-notice\/","name":"Legal notice - academic-institute.com","isPartOf":{"@id":"https:\/\/academic-institute.com\/en\/#website"},"datePublished":"2025-06-11T12:33:08+00:00","dateModified":"2026-01-08T10:40:47+00:00","description":"Legal notice","breadcrumb":{"@id":"https:\/\/academic-institute.com\/en\/legal-notice\/#breadcrumb"},"inLanguage":"en-US","potentialAction":[{"@type":"ReadAction","target":["https:\/\/academic-institute.com\/en\/legal-notice\/"]}]},{"@type":"BreadcrumbList","@id":"https:\/\/academic-institute.com\/en\/legal-notice\/#breadcrumb","itemListElement":[{"@type":"ListItem","position":1,"name":"Startseite","item":"https:\/\/academic-institute.com\/en\/"},{"@type":"ListItem","position":2,"name":"Legal notice"}]},{"@type":"WebSite","@id":"https:\/\/academic-institute.com\/en\/#website","url":"https:\/\/academic-institute.com\/en\/","name":"academic-institute.com","description":"","publisher":{"@id":"https:\/\/academic-institute.com\/en\/#organization"},"potentialAction":[{"@type":"SearchAction","target":{"@type":"EntryPoint","urlTemplate":"https:\/\/academic-institute.com\/en\/?s={search_term_string}"},"query-input":{"@type":"PropertyValueSpecification","valueRequired":true,"valueName":"search_term_string"}}],"inLanguage":"en-US"},{"@type":"Organization","@id":"https:\/\/academic-institute.com\/en\/#organization","name":"academic-institute.com","url":"https:\/\/academic-institute.com\/en\/","logo":{"@type":"ImageObject","inLanguage":"en-US","@id":"https:\/\/academic-institute.com\/en\/#\/schema\/logo\/image\/","url":"https:\/\/academic-institute.com\/wp-content\/uploads\/2025\/02\/academic-logo.png","contentUrl":"https:\/\/academic-institute.com\/wp-content\/uploads\/2025\/02\/academic-logo.png","width":1200,"height":314,"caption":"academic-institute.com"},"image":{"@id":"https:\/\/academic-institute.com\/en\/#\/schema\/logo\/image\/"}}]}},"_links":{"self":[{"href":"https:\/\/academic-institute.com\/en\/wp-json\/wp\/v2\/pages\/12807","targetHints":{"allow":["GET"]}}],"collection":[{"href":"https:\/\/academic-institute.com\/en\/wp-json\/wp\/v2\/pages"}],"about":[{"href":"https:\/\/academic-institute.com\/en\/wp-json\/wp\/v2\/types\/page"}],"author":[{"embeddable":true,"href":"https:\/\/academic-institute.com\/en\/wp-json\/wp\/v2\/users\/1"}],"replies":[{"embeddable":true,"href":"https:\/\/academic-institute.com\/en\/wp-json\/wp\/v2\/comments?post=12807"}],"version-history":[{"count":7,"href":"https:\/\/academic-institute.com\/en\/wp-json\/wp\/v2\/pages\/12807\/revisions"}],"predecessor-version":[{"id":14711,"href":"https:\/\/academic-institute.com\/en\/wp-json\/wp\/v2\/pages\/12807\/revisions\/14711"}],"wp:attachment":[{"href":"https:\/\/academic-institute.com\/en\/wp-json\/wp\/v2\/media?parent=12807"}],"curies":[{"name":"wp","href":"https:\/\/api.w.org\/{rel}","templated":true}]}}